{"id":112,"date":"2019-08-17T18:39:46","date_gmt":"2019-08-17T16:39:46","guid":{"rendered":"https:\/\/gentlemenracing.de\/?page_id=112"},"modified":"2021-10-05T16:26:22","modified_gmt":"2021-10-05T14:26:22","slug":"startseite","status":"publish","type":"page","link":"https:\/\/gentlemenracing.de\/","title":{"rendered":"Startaufstellung"},"content":{"rendered":"<p>[vc_row][vc_column][vc_column_text]<\/p>\n<h1><span style=\"color: #b49a6b;\">Startaufstellung<\/span><\/h1>\n<p><span style=\"color: #b49a6b;\"><span style=\"font-size: 1rem;\"><br \/>\nSie w\u00fcnschen sich schon lange das Fahrzeug Ihrer Tr\u00e4ume oder Ihrer Kindheit?<br \/>\n<\/span><span style=\"font-size: 1rem;\">Sie kaufen es aber lieber nicht, weil Sie sich ja auch nicht so richtig auskennen oder auf den richtigen Moment warten\u2026?<br \/>\n<\/span><span style=\"font-size: 1rem;\">Oder Sie wollen Ihren geliebten Klassiker bestm\u00f6glich ver\u00e4u\u00dfern bzw. gegen einen Neuen eintauschen, wissen aber nicht wirklich wie&#8230;?<\/span><\/span><\/p>\n<p><span style=\"color: #b49a6b;\"><span style=\"font-size: 1rem;\">Nicht tr\u00e4umen \u2013 einfach machen\u2026<br \/>\n<\/span><strong style=\"font-size: 1rem;\">&#8222;Ich helfe Ihnen!&#8220;<br \/>\n<\/strong><span style=\"font-size: 1rem;\">Mut ver\u00e4ndert alles\u2026<\/span><\/span><\/p>\n<p style=\"text-align: left;\"><span style=\"color: #b49a6b; font-size: 1rem;\">GENTLEMEN \u2013 Start your engines!<\/span><\/p>\n<p style=\"text-align: left;\"><span style=\"color: #b49a6b;\"><br \/>\n<span style=\"font-size: 1rem;\">Dirk Buckesfeld<br \/>\n<\/span><span style=\"font-size: 1rem;\">info@gentlemenracing.de<\/span><\/span><\/p>\n<p>[\/vc_column_text][\/vc_column][\/vc_row]<\/p>\n","protected":false},"excerpt":{"rendered":"<p>[vc_row][vc_column][vc_column_text] Startaufstellung Sie w\u00fcnschen sich schon lange das Fahrzeug Ihrer Tr\u00e4ume oder Ihrer Kindheit? Sie kaufen es aber lieber nicht, weil Sie sich ja auch nicht so richtig auskennen oder auf den richtigen Moment warten\u2026? Oder Sie wollen Ihren geliebten Klassiker bestm\u00f6glich ver\u00e4u\u00dfern bzw. gegen einen Neuen eintauschen, wissen aber nicht wirklich wie&#8230;? Nicht tr\u00e4umen &hellip; <\/p>\n<p class=\"link-more\"><a href=\"https:\/\/gentlemenracing.de\/\" class=\"more-link\"><span class=\"screen-reader-text\">\u201eStartaufstellung\u201c<\/span> weiterlesen<\/a><\/p>\n","protected":false},"author":1,"featured_media":0,"parent":0,"menu_order":0,"comment_status":"closed","ping_status":"closed","template":"","meta":{"_exactmetrics_skip_tracking":false,"_exactmetrics_sitenote_active":false,"_exactmetrics_sitenote_note":"","_exactmetrics_sitenote_category":0},"_links":{"self":[{"href":"https:\/\/gentlemenracing.de\/index.php?rest_route=\/wp\/v2\/pages\/112"}],"collection":[{"href":"https:\/\/gentlemenracing.de\/index.php?rest_route=\/wp\/v2\/pages"}],"about":[{"href":"https:\/\/gentlemenracing.de\/index.php?rest_route=\/wp\/v2\/types\/page"}],"author":[{"embeddable":true,"href":"https:\/\/gentlemenracing.de\/index.php?rest_route=\/wp\/v2\/users\/1"}],"replies":[{"embeddable":true,"href":"https:\/\/gentlemenracing.de\/index.php?rest_route=%2Fwp%2Fv2%2Fcomments&post=112"}],"version-history":[{"count":32,"href":"https:\/\/gentlemenracing.de\/index.php?rest_route=\/wp\/v2\/pages\/112\/revisions"}],"predecessor-version":[{"id":149,"href":"https:\/\/gentlemenracing.de\/index.php?rest_route=\/wp\/v2\/pages\/112\/revisions\/149"}],"wp:attachment":[{"href":"https:\/\/gentlemenracing.de\/index.php?rest_route=%2Fwp%2Fv2%2Fmedia&parent=112"}],"curies":[{"name":"wp","href":"https:\/\/api.w.org\/{rel}","templated":true}]}}